{"id":8827,"date":"2024-03-27T08:58:59","date_gmt":"2024-03-27T08:58:59","guid":{"rendered":"https:\/\/flinktax.de\/?page_id=8827"},"modified":"2026-03-27T12:59:57","modified_gmt":"2026-03-27T12:59:57","slug":"impressum","status":"publish","type":"page","link":"https:\/\/flinktax.de\/de\/impressum\/","title":{"rendered":"Impressum"},"content":{"rendered":"\t\t<div data-elementor-type=\"wp-page\" data-elementor-id=\"8827\" class=\"elementor elementor-8827\">\n\t\t\t\t<div class=\"elementor-element elementor-element-e83156c e-flex e-con-boxed e-con e-parent\" data-id=\"e83156c\" data-element_type=\"container\" data-e-type=\"container\">\n\t\t\t\t\t<div class=\"e-con-inner\">\n\t\t\t\t<div class=\"elementor-element elementor-element-66798ab elementor-widget__width-initial elementor-widget elementor-widget-text-editor\" data-id=\"66798ab\" data-element_type=\"widget\" data-e-type=\"widget\" data-widget_type=\"text-editor.default\">\n\t\t\t\t<div class=\"elementor-widget-container\">\n\t\t\t\t\t\t\t\t\t<p class=\"p1\"><strong><span style=\"color: #57c6ff;\">Impressum<\/span><\/strong><\/p><p class=\"p1\">Unternehmensangaben nach \u00a7 5 Telemediengesetz (TMG) und \u00a7\u00a7 2,3 Dienstleistungs-Informationspflichten-Verordnung (DL-InfoV)<\/p><p class=\"p1\"><strong><span style=\"color: #57c6ff;\">Verantwortlich f\u00fcr den Inhalt nach \u00a7 55 Abs. 2 RStV:<\/span><\/strong><\/p><p class=\"p1\">Rechtsanwalt Reiner Hornberger<\/p><p class=\"p1\"><strong><span style=\"color: #57c6ff;\">Gesch\u00e4ftsans\u00e4ssig:<\/span><\/strong><\/p><p class=\"p1\">IHGP RECHT GmbH Rechtsanwaltsgesellschaft<\/p><p>Zimmerstrasse 26\/27<\/p><p>10969 Berlin<\/p><p>Deutschland<\/p><p>Telefon: +49 30 6110186-0<\/p><p>Fax: +49 30 6110186-28<\/p><p>E-Mail: kanzlei@ihgp-recht.de<\/p><p><\/p><p class=\"p1\"><strong><span style=\"color: #57c6ff;\">Diese Website stellt den Internetauftritt folgender Gesellschaft dar:<br \/><br \/><\/span><\/strong><br \/>Sinan Ilhan<\/p><p>Zimmerstrasse 26\/27<\/p><p>10969 Berlin<\/p><p>Telefon: +49 30 6110186-68<\/p><p>E-Mail: mail@flinktax.de<\/p><p>Steuernummer: 14\/357\/60295<\/p><p>Herr Sinan Ilhan ist Steuerberater. Die Berufsbezeichnung ist in der Bundesrepublik Deutschland verliehen worden.<br \/><\/p><div>\u00a0<\/div><p class=\"p1\"><strong><span style=\"color: #57c6ff;\">Zust\u00e4ndige Kammer:<\/span><\/strong><\/p><p class=\"p1\"><\/p><p class=\"mb-5\">Die in diesem Impressum genannten Gesellschaft ist in der Bundesrepublik Deutschland als Steuerberatungsgesellschaft zugelassen und geh\u00f6rt dementsprechend der zust\u00e4ndigen Steuerberaterkammer Berlin an:<\/p><div><div class=\"mb-5\"><p>Steuerberaterkammer Berlin<\/p><p>K\u00f6rperschaft des \u00f6ffentlichen Rechts<\/p><p>Wichmannstra\u00dfe 6<\/p><p>10787 Berlin<\/p><\/div><div class=\"mb-5\"><p>Telefon: 030 889261-0<\/p><p>Telefax: 030 889261-10<\/p><p>E-Mail: info@stbk-berlin.de<\/p><p>Internet: www.stbk-berlin.de<\/p><\/div><\/div><p class=\"p1\"><\/p><p class=\"p1\"><strong><span style=\"color: #57c6ff;\">Berufsrechtliche Regelungen Steuerberater und Steuerberatungsgesellschaften:<\/span><\/strong><\/p><p><\/p><p>Steuerberatungsgesetz (StBerG)<br \/>Durchf\u00fchrungsverordnung zum Steuerberatungsgesetz (DVStB)<br \/>Berufsordnung der Bundes-Steuerberaterkammer (BOStB)<br \/>Steuerberaterverg\u00fctungsverordnung (StBVV)<\/p><p>Die vorstehenden Regelungen sind auf der Homepage der Bundessteuerberaterkammer unter www.bstbk.de abrufbar.<\/p><p><\/p><p class=\"p1\"><\/p><p><strong><span style=\"color: #57c6ff;\">Haftungsausschluss<\/span><\/strong><\/p><p class=\"p1\"><\/p><h6 class=\"text-dark-blue mb-3\">Haftung f\u00fcr Inhalte<\/h6><p class=\"mb-5\">Als Diensteanbieter sind wir gem\u00e4\u00df \u00a7 7 Abs.1 TMG f\u00fcr eigene Inhalte auf diesen Seiten nach den allgemeinen Gesetzen verantwortlich. Nach \u00a7\u00a7 8 bis 10 TMG sind wir als Diensteanbieter jedoch nicht verpflichtet, \u00fcbermittelte oder gespeicherte fremde Informationen zu \u00fcberwachen oder nach Umst\u00e4nden zu forschen, die auf eine rechtswidrige T\u00e4tigkeit hinweisen. Verpflichtungen zur Entfernung oder Sperrung der Nutzung von Informationen nach den allgemeinen Gesetzen bleiben hiervon unber\u00fchrt. Eine diesbez\u00fcgliche Haftung ist jedoch erst ab dem Zeitpunkt der Kenntnis einer konkreten Rechtsverletzung m\u00f6glich. Bei Bekanntwerden von entsprechenden Rechtsverletzungen werden wir diese Inhalte umgehend entfernen.<\/p><h6 class=\"text-dark-blue mb-3\">Haftung f\u00fcr Links<\/h6><p class=\"mb-3\">Unser Angebot enth\u00e4lt Links zu externen Webseiten Dritter, auf deren Inhalte wir keinen Einfluss haben. Deshalb k\u00f6nnen wir f\u00fcr diese fremden Inhalte auch keine Gew\u00e4hr \u00fcbernehmen. F\u00fcr die Inhalte der verlinkten Seiten ist stets der jeweilige Anbieter oder Betreiber der Seiten verantwortlich. Die verlinkten Seiten wurden zum Zeitpunkt der Verlinkung auf m\u00f6gliche Rechtsverst\u00f6\u00dfe \u00fcberpr\u00fcft. Rechtswidrige Inhalte waren zum Zeitpunkt der Verlinkung nicht erkennbar.<\/p><p class=\"mb-5\">Eine permanente inhaltliche Kontrolle der verlinkten Seiten ist jedoch ohne konkrete Anhaltspunkte einer Rechtsverletzung nicht zumutbar. Bei Bekanntwerden von Rechtsverletzungen werden wir derartige Links umgehend entfernen.<\/p><p class=\"p1\"><\/p><p><strong><span style=\"color: #57c6ff;\">Urheberrecht<\/span><\/strong><\/p><p><\/p><p>Die durch die Seitenbetreiber erstellten Inhalte und Werke auf diesen Seiten unterliegen dem deutschen Urheberrecht. Die Vervielf\u00e4ltigung, Bearbeitung, Verbreitung und jede Art der Verwertung au\u00dferhalb der Grenzen des Urheberrechtes bed\u00fcrfen der schriftlichen Zustimmung des jeweiligen Autors bzw. Erstellers. Downloads und Kopien dieser Seite sind nur f\u00fcr den privaten, nicht kommerziellen Gebrauch gestattet. Soweit die Inhalte auf dieser Seite nicht vom Betreiber erstellt wurden, werden die Urheberrechte Dritter beachtet. Insbesondere werden Inhalte Dritter als solche gekennzeichnet. Sollten Sie trotzdem auf eine Urheberrechtsverletzung aufmerksam werden, bitten wir um einen entsprechenden Hinweis. Bei Bekanntwerden von Rechtsverletzungen werden wir derartige Inhalte umgehend entfernen.<\/p><p class=\"mt-5\">Die EU-Kommission hat eine Internetplattform zur Online-Beilegung von Streitigkeiten geschaffen. Diese Plattform dient als Anlaufstelle zur au\u00dfergerichtlichen Beilegung von Streitigkeiten betreffend vertragliche Verpflichtungen, die aus Online-Kaufvertr\u00e4gen erwachsen. N\u00e4here Informationen sind unter dem folgenden Link verf\u00fcgbar: http:\/\/ec.europa.eu\/consumers\/odr. Zur Teilnahme an einem Streitbeilegungsverfahren vor einer Verbraucherschlichtungsstelle ist Flinktax weder verpflichtet noch bereit.<\/p><p><\/p>\t\t\t\t\t\t\t\t<\/div>\n\t\t\t\t<\/div>\n\t\t\t\t\t<\/div>\n\t\t\t\t<\/div>\n\t\t\t\t<\/div>\n\t\t","protected":false},"excerpt":{"rendered":"<p>Impressum Unternehmensangaben nach \u00a7 5 Telemediengesetz (TMG) und \u00a7\u00a7 2,3 Dienstleistungs-Informationspflichten-Verordnung (DL-InfoV) Verantwortlich f\u00fcr den Inhalt nach \u00a7 55 Abs. [&hellip;]<\/p>\n","protected":false},"author":1,"featured_media":0,"parent":0,"menu_order":0,"comment_status":"closed","ping_status":"closed","template":"","meta":{"inline_featured_image":false,"footnotes":""},"class_list":["post-8827","page","type-page","status-publish","hentry"],"_links":{"self":[{"href":"https:\/\/flinktax.de\/de\/wp-json\/wp\/v2\/pages\/8827","targetHints":{"allow":["GET"]}}],"collection":[{"href":"https:\/\/flinktax.de\/de\/wp-json\/wp\/v2\/pages"}],"about":[{"href":"https:\/\/flinktax.de\/de\/wp-json\/wp\/v2\/types\/page"}],"author":[{"embeddable":true,"href":"https:\/\/flinktax.de\/de\/wp-json\/wp\/v2\/users\/1"}],"replies":[{"embeddable":true,"href":"https:\/\/flinktax.de\/de\/wp-json\/wp\/v2\/comments?post=8827"}],"version-history":[{"count":86,"href":"https:\/\/flinktax.de\/de\/wp-json\/wp\/v2\/pages\/8827\/revisions"}],"predecessor-version":[{"id":11088,"href":"https:\/\/flinktax.de\/de\/wp-json\/wp\/v2\/pages\/8827\/revisions\/11088"}],"wp:attachment":[{"href":"https:\/\/flinktax.de\/de\/wp-json\/wp\/v2\/media?parent=8827"}],"curies":[{"name":"wp","href":"https:\/\/api.w.org\/{rel}","templated":true}]}}